{"id":1963,"date":"2022-11-28T01:19:43","date_gmt":"2022-11-28T01:19:43","guid":{"rendered":"https:\/\/www.saljpoolen.se\/?page_id=1963"},"modified":"2024-02-19T14:36:10","modified_gmt":"2024-02-19T14:36:10","slug":"lediga-jobb","status":"publish","type":"page","link":"https:\/\/www.saljpoolen.se\/sv\/lediga-jobb","title":{"rendered":"Lediga jobb"},"content":{"rendered":"\n<div class=\"wp-block-noor-blocks-section section code-dad3cb-background code-dad3cb-md-background code-dad3cb-lg-background py-64-64-64\" style=\"background-image:none;background-size:cover\"><div class=\"zoom-bg\"><\/div>\n<div class=\"wp-block-noor-blocks-container container\">\n<div class=\"wp-block-group row justify-content-center is-nowrap is-layout-flex wp-container-core-group-is-layout-6c531013 wp-block-group-is-layout-flex\">\n<div class=\"wp-block-group col-10 is-layout-flow wp-block-group-is-layout-flow\">\n<h2 class=\"wp-block-heading has-text-align-left has-code-d-79-a-24-color has-text-color\">Lediga jobb inom f\u00f6rs\u00e4ljning och marknad<\/h2>\n\n\n\n<p class=\"link-not-underline\">St\u00e5r du inf\u00f6r ett karri\u00e4rsbyte och letar efter lediga jobb? Vi som <a href=\"https:\/\/www.saljpoolen.se\/\">rekryteringsf\u00f6retag<\/a> specialiserar oss p\u00e5 att erbjuda sp\u00e4nnande anst\u00e4llningsm\u00f6jligheter inom s\u00e4lj och marknad. Sektorn f\u00f6r lediga jobb inom s\u00e4lj och marknad \u00e4r en dynamisk arbetsmarknad som alltid \u00e4r p\u00e5 jakt efter kandidater som kan erbjuda professionell kompetens och personligt driv. En karri\u00e4r inom dessa omr\u00e5den inneb\u00e4r st\u00e4ndig utveckling med nya utmaningar och m\u00f6jligheter att skapa v\u00e4rde f\u00f6r b\u00e5de kunder och arbetsgivare.<br><br>I m\u00e5nga jobbannonser inom <a href=\"https:\/\/www.saljpoolen.se\/rekrytering-saljare\">s\u00e4lj<\/a> och marknad vill arbetsgivaren att du som kandidat ska nyttja dina f\u00e4rdigheter inom kommunikation och strategiskt t\u00e4nkande. Yrkesrollerna erbjuder chanser att p\u00e5verka marknadstrender och bygga varum\u00e4rken. I dessa yrkesm\u00f6jligheter f\u00e5r du erfarenhet av att hantera en m\u00e4ngd produkter och tj\u00e4nster samt att skapa och underh\u00e5lla l\u00e5ngsiktiga kundrelationer.<\/p>\n\n\n\n<p class=\"link-not-underline has-code-635252-color has-text-color has-link-color wp-elements-8df76dbfa95a63e2cb482153c14bf138\"><\/p>\n\n\n\n<h3 class=\"wp-block-heading link-not-underline\">V\u00e4x med oss &#8211; Lediga jobb i dynamisk milj\u00f6!<\/h3>\n\n\n\n<p class=\"link-not-underline\">Arbetsgivare som annonserar s\u00f6ker inte bara efter erfarenheter utan v\u00e4rderar \u00e4ven din potential f\u00f6r att v\u00e4xa och anpassa dig i en snabbf\u00f6r\u00e4nderlig milj\u00f6. S\u00e5, om du \u00e4r redo att utforska lediga jobb inom <a href=\"https:\/\/www.saljpoolen.se\/rekrytering-saljare\">f\u00f6rs\u00e4ljning<\/a> och <a href=\"https:\/\/www.saljpoolen.se\/rekrytering-marknadschef\">marknad<\/a> som matchar b\u00e5de din kompetens och dina ambitioner \u00e4r det dags att ta steget. V\u00e5ra jobbannonser inom s\u00e4lj och marknad erbjuder m\u00e5nga m\u00f6jligheter och som bara v\u00e4ntar p\u00e5 just din ans\u00f6kan. Din framtid i detta dynamiska omr\u00e5de b\u00f6rjar med det f\u00f6rsta steget &#8211; att v\u00e5ga s\u00f6ka efter <em>lediga jobb<\/em>.<\/p>\n<\/div>\n<\/div>\n<\/div>\n<\/div>\n","protected":false},"excerpt":{"rendered":"<p>B\u00e4r du p\u00e5 mod och efterfr\u00e5gad erfarenhet? <\/p>\n<p>Hitta ditt \u00e4ventyr bland v\u00e5ra lediga jobb inom s\u00e4lj och marknad.<\/p>\n","protected":false},"author":1,"featured_media":2102,"parent":0,"menu_order":0,"comment_status":"closed","ping_status":"closed","template":"","meta":{"footnotes":""},"class_list":["post-1963","page","type-page","status-publish","has-post-thumbnail","hentry"],"yoast_head":"<!-- This site is optimized with the Yoast SEO plugin v27.1.1 - https:\/\/yoast.com\/product\/yoast-seo-wordpress\/ -->\n<title>Lediga jobb inom f\u00f6rs\u00e4ljning &amp; marknad med jobbannonser<\/title>\n<meta name=\"description\" content=\"S\u00f6ker du ny utmaning? Letar nytt arbete inom s\u00e4lj &amp; marknad? D\u00e5 har vi m\u00e4ngder av jobb inom f\u00f6rs\u00e4ljning. Uppt\u00e4ck utbudet av lediga jobb.\" \/>\n<meta name=\"robots\" content=\"index, follow, max-snippet:-1, max-image-preview:large, max-video-preview:-1\" \/>\n<link rel=\"canonical\" href=\"https:\/\/www.saljpoolen.se\/sv\/lediga-jobb\" \/>\n<meta property=\"og:locale\" content=\"sv_SE\" \/>\n<meta property=\"og:type\" content=\"article\" \/>\n<meta property=\"og:title\" content=\"Lediga jobb inom f\u00f6rs\u00e4ljning &amp; marknad med jobbannonser\" \/>\n<meta property=\"og:description\" content=\"S\u00f6ker du ny utmaning? Letar nytt arbete inom s\u00e4lj &amp; marknad? D\u00e5 har vi m\u00e4ngder av jobb inom f\u00f6rs\u00e4ljning. Uppt\u00e4ck utbudet av lediga jobb.\" \/>\n<meta property=\"og:url\" content=\"https:\/\/www.saljpoolen.se\/sv\/lediga-jobb\" \/>\n<meta property=\"og:site_name\" content=\"S\u00e4ljpoolen\" \/>\n<meta property=\"article:publisher\" content=\"https:\/\/www.facebook.com\/intensogruppen\" \/>\n<meta property=\"article:modified_time\" content=\"2024-02-19T14:36:10+00:00\" \/>\n<meta property=\"og:image\" content=\"https:\/\/www.saljpoolen.se\/wp-content\/uploads\/2022\/12\/lediga-jobb-1.jpg\" \/>\n\t<meta property=\"og:image:width\" content=\"1500\" \/>\n\t<meta property=\"og:image:height\" content=\"750\" \/>\n\t<meta property=\"og:image:type\" content=\"image\/jpeg\" \/>\n<meta name=\"twitter:card\" content=\"summary_large_image\" \/>\n<meta name=\"twitter:label1\" content=\"Ber\u00e4knad l\u00e4stid\" \/>\n\t<meta name=\"twitter:data1\" content=\"2 minuter\" \/>\n<script type=\"application\/ld+json\" class=\"yoast-schema-graph\">{\"@context\":\"https:\/\/schema.org\",\"@graph\":[{\"@type\":\"WebPage\",\"@id\":\"https:\/\/www.saljpoolen.se\/sv\/lediga-jobb\",\"url\":\"https:\/\/www.saljpoolen.se\/sv\/lediga-jobb\",\"name\":\"Lediga jobb inom f\u00f6rs\u00e4ljning & marknad med jobbannonser\",\"isPartOf\":{\"@id\":\"https:\/\/www.saljpoolen.se\/sv\/#website\"},\"primaryImageOfPage\":{\"@id\":\"https:\/\/www.saljpoolen.se\/sv\/lediga-jobb#primaryimage\"},\"image\":{\"@id\":\"https:\/\/www.saljpoolen.se\/sv\/lediga-jobb#primaryimage\"},\"thumbnailUrl\":\"https:\/\/www.saljpoolen.se\/wp-content\/uploads\/2022\/12\/lediga-jobb-1.jpg\",\"datePublished\":\"2022-11-28T01:19:43+00:00\",\"dateModified\":\"2024-02-19T14:36:10+00:00\",\"description\":\"S\u00f6ker du ny utmaning? Letar nytt arbete inom s\u00e4lj & marknad? D\u00e5 har vi m\u00e4ngder av jobb inom f\u00f6rs\u00e4ljning. Uppt\u00e4ck utbudet av lediga jobb.\",\"breadcrumb\":{\"@id\":\"https:\/\/www.saljpoolen.se\/sv\/lediga-jobb#breadcrumb\"},\"inLanguage\":\"sv-SE\",\"potentialAction\":[{\"@type\":\"ReadAction\",\"target\":[\"https:\/\/www.saljpoolen.se\/sv\/lediga-jobb\"]}]},{\"@type\":\"ImageObject\",\"inLanguage\":\"sv-SE\",\"@id\":\"https:\/\/www.saljpoolen.se\/sv\/lediga-jobb#primaryimage\",\"url\":\"https:\/\/www.saljpoolen.se\/wp-content\/uploads\/2022\/12\/lediga-jobb-1.jpg\",\"contentUrl\":\"https:\/\/www.saljpoolen.se\/wp-content\/uploads\/2022\/12\/lediga-jobb-1.jpg\",\"width\":1500,\"height\":750,\"caption\":\"Personer som firar hittat lediga jobb genom S\u00e4ljpoolen\"},{\"@type\":\"BreadcrumbList\",\"@id\":\"https:\/\/www.saljpoolen.se\/sv\/lediga-jobb#breadcrumb\",\"itemListElement\":[{\"@type\":\"ListItem\",\"position\":1,\"name\":\"Home\",\"item\":\"https:\/\/www.saljpoolen.se\/sv\"},{\"@type\":\"ListItem\",\"position\":2,\"name\":\"Lediga jobb\"}]},{\"@type\":\"WebSite\",\"@id\":\"https:\/\/www.saljpoolen.se\/sv\/#website\",\"url\":\"https:\/\/www.saljpoolen.se\/sv\/\",\"name\":\"S\u00e4ljpoolen\",\"description\":\"Rekrytering inom s\u00e4lj och marknad\",\"publisher\":{\"@id\":\"https:\/\/www.saljpoolen.se\/sv\/#organization\"},\"potentialAction\":[{\"@type\":\"SearchAction\",\"target\":{\"@type\":\"EntryPoint\",\"urlTemplate\":\"https:\/\/www.saljpoolen.se\/sv\/?s={search_term_string}\"},\"query-input\":{\"@type\":\"PropertyValueSpecification\",\"valueRequired\":true,\"valueName\":\"search_term_string\"}}],\"inLanguage\":\"sv-SE\"},{\"@type\":\"Organization\",\"@id\":\"https:\/\/www.saljpoolen.se\/sv\/#organization\",\"name\":\"S\u00e4ljpoolen i Sverige AB\",\"alternateName\":\"S\u00e4ljpoolen\",\"url\":\"https:\/\/www.saljpoolen.se\/sv\/\",\"logo\":{\"@type\":\"ImageObject\",\"inLanguage\":\"sv-SE\",\"@id\":\"https:\/\/www.saljpoolen.se\/sv\/#\/schema\/logo\/image\/\",\"url\":\"https:\/\/www.saljpoolen.se\/wp-content\/uploads\/2023\/10\/2023NOV_SP_boka.png\",\"contentUrl\":\"https:\/\/www.saljpoolen.se\/wp-content\/uploads\/2023\/10\/2023NOV_SP_boka.png\",\"width\":800,\"height\":800,\"caption\":\"S\u00e4ljpoolen i Sverige AB\"},\"image\":{\"@id\":\"https:\/\/www.saljpoolen.se\/sv\/#\/schema\/logo\/image\/\"},\"sameAs\":[\"https:\/\/www.facebook.com\/intensogruppen\",\"https:\/\/www.linkedin.com\/company\/s-ljpoolen-i-sverige-ab\/\",\"https:\/\/maps.app.goo.gl\/B46pX7H5iAnFf6r98\",\"https:\/\/share.google\/57FGqXhhrhuCYPLxf\",\"https:\/\/share.google\/v4H8FbTJVI7JKviIW\"]}]}<\/script>\n<!-- \/ Yoast SEO plugin. -->","yoast_head_json":{"title":"Lediga jobb inom f\u00f6rs\u00e4ljning & marknad med jobbannonser","description":"S\u00f6ker du ny utmaning? Letar nytt arbete inom s\u00e4lj & marknad? D\u00e5 har vi m\u00e4ngder av jobb inom f\u00f6rs\u00e4ljning. Uppt\u00e4ck utbudet av lediga jobb.","robots":{"index":"index","follow":"follow","max-snippet":"max-snippet:-1","max-image-preview":"max-image-preview:large","max-video-preview":"max-video-preview:-1"},"canonical":"https:\/\/www.saljpoolen.se\/sv\/lediga-jobb","og_locale":"sv_SE","og_type":"article","og_title":"Lediga jobb inom f\u00f6rs\u00e4ljning & marknad med jobbannonser","og_description":"S\u00f6ker du ny utmaning? Letar nytt arbete inom s\u00e4lj & marknad? D\u00e5 har vi m\u00e4ngder av jobb inom f\u00f6rs\u00e4ljning. Uppt\u00e4ck utbudet av lediga jobb.","og_url":"https:\/\/www.saljpoolen.se\/sv\/lediga-jobb","og_site_name":"S\u00e4ljpoolen","article_publisher":"https:\/\/www.facebook.com\/intensogruppen","article_modified_time":"2024-02-19T14:36:10+00:00","og_image":[{"width":1500,"height":750,"url":"https:\/\/www.saljpoolen.se\/wp-content\/uploads\/2022\/12\/lediga-jobb-1.jpg","type":"image\/jpeg"}],"twitter_card":"summary_large_image","twitter_misc":{"Ber\u00e4knad l\u00e4stid":"2 minuter"},"schema":{"@context":"https:\/\/schema.org","@graph":[{"@type":"WebPage","@id":"https:\/\/www.saljpoolen.se\/sv\/lediga-jobb","url":"https:\/\/www.saljpoolen.se\/sv\/lediga-jobb","name":"Lediga jobb inom f\u00f6rs\u00e4ljning & marknad med jobbannonser","isPartOf":{"@id":"https:\/\/www.saljpoolen.se\/sv\/#website"},"primaryImageOfPage":{"@id":"https:\/\/www.saljpoolen.se\/sv\/lediga-jobb#primaryimage"},"image":{"@id":"https:\/\/www.saljpoolen.se\/sv\/lediga-jobb#primaryimage"},"thumbnailUrl":"https:\/\/www.saljpoolen.se\/wp-content\/uploads\/2022\/12\/lediga-jobb-1.jpg","datePublished":"2022-11-28T01:19:43+00:00","dateModified":"2024-02-19T14:36:10+00:00","description":"S\u00f6ker du ny utmaning? Letar nytt arbete inom s\u00e4lj & marknad? D\u00e5 har vi m\u00e4ngder av jobb inom f\u00f6rs\u00e4ljning. Uppt\u00e4ck utbudet av lediga jobb.","breadcrumb":{"@id":"https:\/\/www.saljpoolen.se\/sv\/lediga-jobb#breadcrumb"},"inLanguage":"sv-SE","potentialAction":[{"@type":"ReadAction","target":["https:\/\/www.saljpoolen.se\/sv\/lediga-jobb"]}]},{"@type":"ImageObject","inLanguage":"sv-SE","@id":"https:\/\/www.saljpoolen.se\/sv\/lediga-jobb#primaryimage","url":"https:\/\/www.saljpoolen.se\/wp-content\/uploads\/2022\/12\/lediga-jobb-1.jpg","contentUrl":"https:\/\/www.saljpoolen.se\/wp-content\/uploads\/2022\/12\/lediga-jobb-1.jpg","width":1500,"height":750,"caption":"Personer som firar hittat lediga jobb genom S\u00e4ljpoolen"},{"@type":"BreadcrumbList","@id":"https:\/\/www.saljpoolen.se\/sv\/lediga-jobb#breadcrumb","itemListElement":[{"@type":"ListItem","position":1,"name":"Home","item":"https:\/\/www.saljpoolen.se\/sv"},{"@type":"ListItem","position":2,"name":"Lediga jobb"}]},{"@type":"WebSite","@id":"https:\/\/www.saljpoolen.se\/sv\/#website","url":"https:\/\/www.saljpoolen.se\/sv\/","name":"S\u00e4ljpoolen","description":"Rekrytering inom s\u00e4lj och marknad","publisher":{"@id":"https:\/\/www.saljpoolen.se\/sv\/#organization"},"potentialAction":[{"@type":"SearchAction","target":{"@type":"EntryPoint","urlTemplate":"https:\/\/www.saljpoolen.se\/sv\/?s={search_term_string}"},"query-input":{"@type":"PropertyValueSpecification","valueRequired":true,"valueName":"search_term_string"}}],"inLanguage":"sv-SE"},{"@type":"Organization","@id":"https:\/\/www.saljpoolen.se\/sv\/#organization","name":"S\u00e4ljpoolen i Sverige AB","alternateName":"S\u00e4ljpoolen","url":"https:\/\/www.saljpoolen.se\/sv\/","logo":{"@type":"ImageObject","inLanguage":"sv-SE","@id":"https:\/\/www.saljpoolen.se\/sv\/#\/schema\/logo\/image\/","url":"https:\/\/www.saljpoolen.se\/wp-content\/uploads\/2023\/10\/2023NOV_SP_boka.png","contentUrl":"https:\/\/www.saljpoolen.se\/wp-content\/uploads\/2023\/10\/2023NOV_SP_boka.png","width":800,"height":800,"caption":"S\u00e4ljpoolen i Sverige AB"},"image":{"@id":"https:\/\/www.saljpoolen.se\/sv\/#\/schema\/logo\/image\/"},"sameAs":["https:\/\/www.facebook.com\/intensogruppen","https:\/\/www.linkedin.com\/company\/s-ljpoolen-i-sverige-ab\/","https:\/\/maps.app.goo.gl\/B46pX7H5iAnFf6r98","https:\/\/share.google\/57FGqXhhrhuCYPLxf","https:\/\/share.google\/v4H8FbTJVI7JKviIW"]}]}},"_links":{"self":[{"href":"https:\/\/www.saljpoolen.se\/sv\/wp-json\/wp\/v2\/pages\/1963","targetHints":{"allow":["GET"]}}],"collection":[{"href":"https:\/\/www.saljpoolen.se\/sv\/wp-json\/wp\/v2\/pages"}],"about":[{"href":"https:\/\/www.saljpoolen.se\/sv\/wp-json\/wp\/v2\/types\/page"}],"author":[{"embeddable":true,"href":"https:\/\/www.saljpoolen.se\/sv\/wp-json\/wp\/v2\/users\/1"}],"replies":[{"embeddable":true,"href":"https:\/\/www.saljpoolen.se\/sv\/wp-json\/wp\/v2\/comments?post=1963"}],"version-history":[{"count":47,"href":"https:\/\/www.saljpoolen.se\/sv\/wp-json\/wp\/v2\/pages\/1963\/revisions"}],"predecessor-version":[{"id":4434,"href":"https:\/\/www.saljpoolen.se\/sv\/wp-json\/wp\/v2\/pages\/1963\/revisions\/4434"}],"wp:featuredmedia":[{"embeddable":true,"href":"https:\/\/www.saljpoolen.se\/sv\/wp-json\/wp\/v2\/media\/2102"}],"wp:attachment":[{"href":"https:\/\/www.saljpoolen.se\/sv\/wp-json\/wp\/v2\/media?parent=1963"}],"curies":[{"name":"wp","href":"https:\/\/api.w.org\/{rel}","templated":true}]}}