{"id":3721,"date":"2023-06-22T14:51:44","date_gmt":"2023-06-22T14:51:44","guid":{"rendered":"https:\/\/www.saljpoolen.se\/?page_id=3721"},"modified":"2024-03-13T11:34:14","modified_gmt":"2024-03-13T11:34:14","slug":"information","status":"publish","type":"page","link":"https:\/\/www.saljpoolen.se\/sv\/information","title":{"rendered":"Information"},"content":{"rendered":"","protected":false},"excerpt":{"rendered":"","protected":false},"author":1,"featured_media":0,"parent":0,"menu_order":0,"comment_status":"closed","ping_status":"closed","template":"archive-information","meta":{"footnotes":""},"class_list":["post-3721","page","type-page","status-publish","hentry"],"yoast_head":"<!-- This site is optimized with the Yoast SEO plugin v27.3 - https:\/\/yoast.com\/product\/yoast-seo-wordpress\/ -->\n<title>V\u00e5ra konsulttj\u00e4nster inom rekrytering | S\u00e4ljpoolen<\/title>\n<meta name=\"description\" content=\"Information om v\u00e5ra tj\u00e4nster och de olika delarna i processen f\u00f6r annonskanaler, konkurrensf\u00f6rdelar och v\u00e5ra konsulttj\u00e4nster inom rekrytering.\" \/>\n<meta name=\"robots\" content=\"index, follow, max-snippet:-1, max-image-preview:large, max-video-preview:-1\" \/>\n<link rel=\"canonical\" href=\"https:\/\/www.saljpoolen.se\/sv\/information\" \/>\n<meta property=\"og:locale\" content=\"sv_SE\" \/>\n<meta property=\"og:type\" content=\"article\" \/>\n<meta property=\"og:title\" content=\"V\u00e5ra konsulttj\u00e4nster inom rekrytering | S\u00e4ljpoolen\" \/>\n<meta property=\"og:description\" content=\"Information om v\u00e5ra tj\u00e4nster och de olika delarna i processen f\u00f6r annonskanaler, konkurrensf\u00f6rdelar och v\u00e5ra konsulttj\u00e4nster inom rekrytering.\" \/>\n<meta property=\"og:url\" content=\"https:\/\/www.saljpoolen.se\/sv\/information\" \/>\n<meta property=\"og:site_name\" content=\"S\u00e4ljpoolen\" \/>\n<meta property=\"article:publisher\" content=\"https:\/\/www.facebook.com\/intensogruppen\" \/>\n<meta property=\"article:modified_time\" content=\"2024-03-13T11:34:14+00:00\" \/>\n<meta name=\"twitter:card\" content=\"summary_large_image\" \/>\n<meta name=\"twitter:description\" content=\"Information om v\u00e5ra tj\u00e4nster och de olika delarna i processen f\u00f6r annonskanaler, konkurrensf\u00f6rdelar och v\u00e5ra konsulttj\u00e4nster inom rekrytering.\" \/>\n<script type=\"application\/ld+json\" class=\"yoast-schema-graph\">{\"@context\":\"https:\\\/\\\/schema.org\",\"@graph\":[{\"@type\":\"WebPage\",\"@id\":\"https:\\\/\\\/www.saljpoolen.se\\\/sv\\\/information\",\"url\":\"https:\\\/\\\/www.saljpoolen.se\\\/sv\\\/information\",\"name\":\"V\u00e5ra konsulttj\u00e4nster inom rekrytering | S\u00e4ljpoolen\",\"isPartOf\":{\"@id\":\"https:\\\/\\\/www.saljpoolen.se\\\/sv\\\/#website\"},\"datePublished\":\"2023-06-22T14:51:44+00:00\",\"dateModified\":\"2024-03-13T11:34:14+00:00\",\"description\":\"Information om v\u00e5ra tj\u00e4nster och de olika delarna i processen f\u00f6r annonskanaler, konkurrensf\u00f6rdelar och v\u00e5ra konsulttj\u00e4nster inom rekrytering.\",\"breadcrumb\":{\"@id\":\"https:\\\/\\\/www.saljpoolen.se\\\/sv\\\/information#breadcrumb\"},\"inLanguage\":\"sv-SE\",\"potentialAction\":[{\"@type\":\"ReadAction\",\"target\":[\"https:\\\/\\\/www.saljpoolen.se\\\/sv\\\/information\"]}]},{\"@type\":\"BreadcrumbList\",\"@id\":\"https:\\\/\\\/www.saljpoolen.se\\\/sv\\\/information#breadcrumb\",\"itemListElement\":[{\"@type\":\"ListItem\",\"position\":1,\"name\":\"Home\",\"item\":\"https:\\\/\\\/www.saljpoolen.se\\\/sv\"},{\"@type\":\"ListItem\",\"position\":2,\"name\":\"Information\"}]},{\"@type\":\"WebSite\",\"@id\":\"https:\\\/\\\/www.saljpoolen.se\\\/sv\\\/#website\",\"url\":\"https:\\\/\\\/www.saljpoolen.se\\\/sv\\\/\",\"name\":\"S\u00e4ljpoolen\",\"description\":\"Rekrytering inom s\u00e4lj och marknad\",\"publisher\":{\"@id\":\"https:\\\/\\\/www.saljpoolen.se\\\/sv\\\/#organization\"},\"potentialAction\":[{\"@type\":\"SearchAction\",\"target\":{\"@type\":\"EntryPoint\",\"urlTemplate\":\"https:\\\/\\\/www.saljpoolen.se\\\/sv\\\/?s={search_term_string}\"},\"query-input\":{\"@type\":\"PropertyValueSpecification\",\"valueRequired\":true,\"valueName\":\"search_term_string\"}}],\"inLanguage\":\"sv-SE\"},{\"@type\":\"Organization\",\"@id\":\"https:\\\/\\\/www.saljpoolen.se\\\/sv\\\/#organization\",\"name\":\"S\u00e4ljpoolen i Sverige AB\",\"alternateName\":\"S\u00e4ljpoolen\",\"url\":\"https:\\\/\\\/www.saljpoolen.se\\\/sv\\\/\",\"logo\":{\"@type\":\"ImageObject\",\"inLanguage\":\"sv-SE\",\"@id\":\"https:\\\/\\\/www.saljpoolen.se\\\/sv\\\/#\\\/schema\\\/logo\\\/image\\\/\",\"url\":\"https:\\\/\\\/www.saljpoolen.se\\\/wp-content\\\/uploads\\\/2023\\\/10\\\/2023NOV_SP_boka.png\",\"contentUrl\":\"https:\\\/\\\/www.saljpoolen.se\\\/wp-content\\\/uploads\\\/2023\\\/10\\\/2023NOV_SP_boka.png\",\"width\":800,\"height\":800,\"caption\":\"S\u00e4ljpoolen i Sverige AB\"},\"image\":{\"@id\":\"https:\\\/\\\/www.saljpoolen.se\\\/sv\\\/#\\\/schema\\\/logo\\\/image\\\/\"},\"sameAs\":[\"https:\\\/\\\/www.facebook.com\\\/intensogruppen\",\"https:\\\/\\\/www.linkedin.com\\\/company\\\/s-ljpoolen-i-sverige-ab\\\/\",\"https:\\\/\\\/maps.app.goo.gl\\\/B46pX7H5iAnFf6r98\",\"https:\\\/\\\/share.google\\\/57FGqXhhrhuCYPLxf\",\"https:\\\/\\\/share.google\\\/v4H8FbTJVI7JKviIW\"]}]}<\/script>\n<!-- \/ Yoast SEO plugin. -->","yoast_head_json":{"title":"V\u00e5ra konsulttj\u00e4nster inom rekrytering | S\u00e4ljpoolen","description":"Information om v\u00e5ra tj\u00e4nster och de olika delarna i processen f\u00f6r annonskanaler, konkurrensf\u00f6rdelar och v\u00e5ra konsulttj\u00e4nster inom rekrytering.","robots":{"index":"index","follow":"follow","max-snippet":"max-snippet:-1","max-image-preview":"max-image-preview:large","max-video-preview":"max-video-preview:-1"},"canonical":"https:\/\/www.saljpoolen.se\/sv\/information","og_locale":"sv_SE","og_type":"article","og_title":"V\u00e5ra konsulttj\u00e4nster inom rekrytering | S\u00e4ljpoolen","og_description":"Information om v\u00e5ra tj\u00e4nster och de olika delarna i processen f\u00f6r annonskanaler, konkurrensf\u00f6rdelar och v\u00e5ra konsulttj\u00e4nster inom rekrytering.","og_url":"https:\/\/www.saljpoolen.se\/sv\/information","og_site_name":"S\u00e4ljpoolen","article_publisher":"https:\/\/www.facebook.com\/intensogruppen","article_modified_time":"2024-03-13T11:34:14+00:00","twitter_card":"summary_large_image","twitter_description":"Information om v\u00e5ra tj\u00e4nster och de olika delarna i processen f\u00f6r annonskanaler, konkurrensf\u00f6rdelar och v\u00e5ra konsulttj\u00e4nster inom rekrytering.","schema":{"@context":"https:\/\/schema.org","@graph":[{"@type":"WebPage","@id":"https:\/\/www.saljpoolen.se\/sv\/information","url":"https:\/\/www.saljpoolen.se\/sv\/information","name":"V\u00e5ra konsulttj\u00e4nster inom rekrytering | S\u00e4ljpoolen","isPartOf":{"@id":"https:\/\/www.saljpoolen.se\/sv\/#website"},"datePublished":"2023-06-22T14:51:44+00:00","dateModified":"2024-03-13T11:34:14+00:00","description":"Information om v\u00e5ra tj\u00e4nster och de olika delarna i processen f\u00f6r annonskanaler, konkurrensf\u00f6rdelar och v\u00e5ra konsulttj\u00e4nster inom rekrytering.","breadcrumb":{"@id":"https:\/\/www.saljpoolen.se\/sv\/information#breadcrumb"},"inLanguage":"sv-SE","potentialAction":[{"@type":"ReadAction","target":["https:\/\/www.saljpoolen.se\/sv\/information"]}]},{"@type":"BreadcrumbList","@id":"https:\/\/www.saljpoolen.se\/sv\/information#breadcrumb","itemListElement":[{"@type":"ListItem","position":1,"name":"Home","item":"https:\/\/www.saljpoolen.se\/sv"},{"@type":"ListItem","position":2,"name":"Information"}]},{"@type":"WebSite","@id":"https:\/\/www.saljpoolen.se\/sv\/#website","url":"https:\/\/www.saljpoolen.se\/sv\/","name":"S\u00e4ljpoolen","description":"Rekrytering inom s\u00e4lj och marknad","publisher":{"@id":"https:\/\/www.saljpoolen.se\/sv\/#organization"},"potentialAction":[{"@type":"SearchAction","target":{"@type":"EntryPoint","urlTemplate":"https:\/\/www.saljpoolen.se\/sv\/?s={search_term_string}"},"query-input":{"@type":"PropertyValueSpecification","valueRequired":true,"valueName":"search_term_string"}}],"inLanguage":"sv-SE"},{"@type":"Organization","@id":"https:\/\/www.saljpoolen.se\/sv\/#organization","name":"S\u00e4ljpoolen i Sverige AB","alternateName":"S\u00e4ljpoolen","url":"https:\/\/www.saljpoolen.se\/sv\/","logo":{"@type":"ImageObject","inLanguage":"sv-SE","@id":"https:\/\/www.saljpoolen.se\/sv\/#\/schema\/logo\/image\/","url":"https:\/\/www.saljpoolen.se\/wp-content\/uploads\/2023\/10\/2023NOV_SP_boka.png","contentUrl":"https:\/\/www.saljpoolen.se\/wp-content\/uploads\/2023\/10\/2023NOV_SP_boka.png","width":800,"height":800,"caption":"S\u00e4ljpoolen i Sverige AB"},"image":{"@id":"https:\/\/www.saljpoolen.se\/sv\/#\/schema\/logo\/image\/"},"sameAs":["https:\/\/www.facebook.com\/intensogruppen","https:\/\/www.linkedin.com\/company\/s-ljpoolen-i-sverige-ab\/","https:\/\/maps.app.goo.gl\/B46pX7H5iAnFf6r98","https:\/\/share.google\/57FGqXhhrhuCYPLxf","https:\/\/share.google\/v4H8FbTJVI7JKviIW"]}]}},"_links":{"self":[{"href":"https:\/\/www.saljpoolen.se\/sv\/wp-json\/wp\/v2\/pages\/3721","targetHints":{"allow":["GET"]}}],"collection":[{"href":"https:\/\/www.saljpoolen.se\/sv\/wp-json\/wp\/v2\/pages"}],"about":[{"href":"https:\/\/www.saljpoolen.se\/sv\/wp-json\/wp\/v2\/types\/page"}],"author":[{"embeddable":true,"href":"https:\/\/www.saljpoolen.se\/sv\/wp-json\/wp\/v2\/users\/1"}],"replies":[{"embeddable":true,"href":"https:\/\/www.saljpoolen.se\/sv\/wp-json\/wp\/v2\/comments?post=3721"}],"version-history":[{"count":1,"href":"https:\/\/www.saljpoolen.se\/sv\/wp-json\/wp\/v2\/pages\/3721\/revisions"}],"predecessor-version":[{"id":3722,"href":"https:\/\/www.saljpoolen.se\/sv\/wp-json\/wp\/v2\/pages\/3721\/revisions\/3722"}],"wp:attachment":[{"href":"https:\/\/www.saljpoolen.se\/sv\/wp-json\/wp\/v2\/media?parent=3721"}],"curies":[{"name":"wp","href":"https:\/\/api.w.org\/{rel}","templated":true}]}}